{"id":4158,"date":"2023-02-03T13:08:29","date_gmt":"2023-02-03T12:08:29","guid":{"rendered":"https:\/\/gyepestrans.sk\/?page_id=4158"},"modified":"2023-02-03T13:09:35","modified_gmt":"2023-02-03T12:09:35","slug":"mercedes-c-osztaly","status":"publish","type":"page","link":"https:\/\/gyepestrans.sk\/hu\/mercedes-c-osztaly\/","title":{"rendered":"Mercedes C oszt\u00e1ly"},"content":{"rendered":"","protected":false},"excerpt":{"rendered":"","protected":false},"author":1,"featured_media":0,"parent":0,"menu_order":0,"comment_status":"closed","ping_status":"closed","template":"","meta":{"inline_featured_image":false,"footnotes":""},"class_list":["post-4158","page","type-page","status-publish","hentry"],"yoast_head":"<!-- This site is optimized with the Yoast SEO plugin v27.2 - https:\/\/yoast.com\/product\/yoast-seo-wordpress\/ -->\n<title>Mercedes C oszt\u00e1ly - Gyepes Trans<\/title>\n<meta name=\"robots\" content=\"index, follow, max-snippet:-1, max-image-preview:large, max-video-preview:-1\" \/>\n<link rel=\"canonical\" href=\"https:\/\/gyepestrans.sk\/hu\/mercedes-c-osztaly\/\" \/>\n<meta property=\"og:locale\" content=\"hu_HU\" \/>\n<meta property=\"og:type\" content=\"article\" \/>\n<meta property=\"og:title\" content=\"Mercedes C oszt\u00e1ly - Gyepes Trans\" \/>\n<meta property=\"og:url\" content=\"https:\/\/gyepestrans.sk\/hu\/mercedes-c-osztaly\/\" \/>\n<meta property=\"og:site_name\" content=\"Gyepes Trans\" \/>\n<meta property=\"article:modified_time\" content=\"2023-02-03T12:09:35+00:00\" \/>\n<meta name=\"twitter:card\" content=\"summary_large_image\" \/>\n<script type=\"application\/ld+json\" class=\"yoast-schema-graph\">{\"@context\":\"https:\/\/schema.org\",\"@graph\":[{\"@type\":\"WebPage\",\"@id\":\"https:\/\/gyepestrans.sk\/hu\/mercedes-c-osztaly\/\",\"url\":\"https:\/\/gyepestrans.sk\/hu\/mercedes-c-osztaly\/\",\"name\":\"Mercedes C oszt\u00e1ly - Gyepes Trans\",\"isPartOf\":{\"@id\":\"https:\/\/gyepestrans.sk\/hu\/#website\"},\"datePublished\":\"2023-02-03T12:08:29+00:00\",\"dateModified\":\"2023-02-03T12:09:35+00:00\",\"breadcrumb\":{\"@id\":\"https:\/\/gyepestrans.sk\/hu\/mercedes-c-osztaly\/#breadcrumb\"},\"inLanguage\":\"hu\",\"potentialAction\":[{\"@type\":\"ReadAction\",\"target\":[\"https:\/\/gyepestrans.sk\/hu\/mercedes-c-osztaly\/\"]}]},{\"@type\":\"BreadcrumbList\",\"@id\":\"https:\/\/gyepestrans.sk\/hu\/mercedes-c-osztaly\/#breadcrumb\",\"itemListElement\":[{\"@type\":\"ListItem\",\"position\":1,\"name\":\"Home\",\"item\":\"https:\/\/gyepestrans.sk\/hu\/fooldal\/\"},{\"@type\":\"ListItem\",\"position\":2,\"name\":\"Mercedes C oszt\u00e1ly\"}]},{\"@type\":\"WebSite\",\"@id\":\"https:\/\/gyepestrans.sk\/hu\/#website\",\"url\":\"https:\/\/gyepestrans.sk\/hu\/\",\"name\":\"Gyepes Trans\",\"description\":\"vn\u00fatro\u0161t\u00e1tna a medzin\u00e1rodn\u00e1 doprava\",\"potentialAction\":[{\"@type\":\"SearchAction\",\"target\":{\"@type\":\"EntryPoint\",\"urlTemplate\":\"https:\/\/gyepestrans.sk\/hu\/?s={search_term_string}\"},\"query-input\":{\"@type\":\"PropertyValueSpecification\",\"valueRequired\":true,\"valueName\":\"search_term_string\"}}],\"inLanguage\":\"hu\"}]}<\/script>\n<!-- \/ Yoast SEO plugin. -->","yoast_head_json":{"title":"Mercedes C oszt\u00e1ly - Gyepes Trans","robots":{"index":"index","follow":"follow","max-snippet":"max-snippet:-1","max-image-preview":"max-image-preview:large","max-video-preview":"max-video-preview:-1"},"canonical":"https:\/\/gyepestrans.sk\/hu\/mercedes-c-osztaly\/","og_locale":"hu_HU","og_type":"article","og_title":"Mercedes C oszt\u00e1ly - Gyepes Trans","og_url":"https:\/\/gyepestrans.sk\/hu\/mercedes-c-osztaly\/","og_site_name":"Gyepes Trans","article_modified_time":"2023-02-03T12:09:35+00:00","twitter_card":"summary_large_image","schema":{"@context":"https:\/\/schema.org","@graph":[{"@type":"WebPage","@id":"https:\/\/gyepestrans.sk\/hu\/mercedes-c-osztaly\/","url":"https:\/\/gyepestrans.sk\/hu\/mercedes-c-osztaly\/","name":"Mercedes C oszt\u00e1ly - Gyepes Trans","isPartOf":{"@id":"https:\/\/gyepestrans.sk\/hu\/#website"},"datePublished":"2023-02-03T12:08:29+00:00","dateModified":"2023-02-03T12:09:35+00:00","breadcrumb":{"@id":"https:\/\/gyepestrans.sk\/hu\/mercedes-c-osztaly\/#breadcrumb"},"inLanguage":"hu","potentialAction":[{"@type":"ReadAction","target":["https:\/\/gyepestrans.sk\/hu\/mercedes-c-osztaly\/"]}]},{"@type":"BreadcrumbList","@id":"https:\/\/gyepestrans.sk\/hu\/mercedes-c-osztaly\/#breadcrumb","itemListElement":[{"@type":"ListItem","position":1,"name":"Home","item":"https:\/\/gyepestrans.sk\/hu\/fooldal\/"},{"@type":"ListItem","position":2,"name":"Mercedes C oszt\u00e1ly"}]},{"@type":"WebSite","@id":"https:\/\/gyepestrans.sk\/hu\/#website","url":"https:\/\/gyepestrans.sk\/hu\/","name":"Gyepes Trans","description":"vn\u00fatro\u0161t\u00e1tna a medzin\u00e1rodn\u00e1 doprava","potentialAction":[{"@type":"SearchAction","target":{"@type":"EntryPoint","urlTemplate":"https:\/\/gyepestrans.sk\/hu\/?s={search_term_string}"},"query-input":{"@type":"PropertyValueSpecification","valueRequired":true,"valueName":"search_term_string"}}],"inLanguage":"hu"}]}},"_links":{"self":[{"href":"https:\/\/gyepestrans.sk\/hu\/wp-json\/wp\/v2\/pages\/4158","targetHints":{"allow":["GET"]}}],"collection":[{"href":"https:\/\/gyepestrans.sk\/hu\/wp-json\/wp\/v2\/pages"}],"about":[{"href":"https:\/\/gyepestrans.sk\/hu\/wp-json\/wp\/v2\/types\/page"}],"author":[{"embeddable":true,"href":"https:\/\/gyepestrans.sk\/hu\/wp-json\/wp\/v2\/users\/1"}],"replies":[{"embeddable":true,"href":"https:\/\/gyepestrans.sk\/hu\/wp-json\/wp\/v2\/comments?post=4158"}],"version-history":[{"count":1,"href":"https:\/\/gyepestrans.sk\/hu\/wp-json\/wp\/v2\/pages\/4158\/revisions"}],"predecessor-version":[{"id":4159,"href":"https:\/\/gyepestrans.sk\/hu\/wp-json\/wp\/v2\/pages\/4158\/revisions\/4159"}],"wp:attachment":[{"href":"https:\/\/gyepestrans.sk\/hu\/wp-json\/wp\/v2\/media?parent=4158"}],"curies":[{"name":"wp","href":"https:\/\/api.w.org\/{rel}","templated":true}]}}