{"id":3917,"date":"2019-07-26T09:50:36","date_gmt":"2019-07-26T07:50:36","guid":{"rendered":"https:\/\/gyepestrans.sk\/neoplan-cityliner-royal-class-2\/"},"modified":"2023-02-09T20:43:00","modified_gmt":"2023-02-09T19:43:00","slug":"neoplan-cityliner-royal-class-2","status":"publish","type":"page","link":"https:\/\/gyepestrans.sk\/hu\/neoplan-cityliner-royal-class-2\/","title":{"rendered":"Neoplan Cityliner Royal Class"},"content":{"rendered":"","protected":false},"excerpt":{"rendered":"","protected":false},"author":1,"featured_media":0,"parent":0,"menu_order":0,"comment_status":"closed","ping_status":"closed","template":"","meta":{"inline_featured_image":false,"footnotes":""},"class_list":["post-3917","page","type-page","status-publish","hentry"],"yoast_head":"<!-- This site is optimized with the Yoast SEO plugin v27.2 - https:\/\/yoast.com\/product\/yoast-seo-wordpress\/ -->\n<title>Neoplan Cityliner Royal Class - Gyepes Trans<\/title>\n<meta name=\"description\" content=\"A Neoplan Cityliner komfortos, 2 tengelyes, gazdagon felszerelt aut\u00f3busz, 12 m\u00e9ter hossz\u00fas\u00e1g\u00fa. Az aut\u00f3busz automata kl\u00edmaberendez\u00e9ssel van ell\u00e1tva. \u00c1ll\u00edthat\u00f3 \u00fcl\u00e9sekkel.\" \/>\n<meta name=\"robots\" content=\"index, follow, max-snippet:-1, max-image-preview:large, max-video-preview:-1\" \/>\n<link rel=\"canonical\" href=\"https:\/\/gyepestrans.sk\/hu\/neoplan-cityliner-royal-class-2\/\" \/>\n<meta property=\"og:locale\" content=\"hu_HU\" \/>\n<meta property=\"og:type\" content=\"article\" \/>\n<meta property=\"og:title\" content=\"Neoplan Cityliner Royal Class - Gyepes Trans\" \/>\n<meta property=\"og:description\" content=\"A Neoplan Cityliner komfortos, 2 tengelyes, gazdagon felszerelt aut\u00f3busz, 12 m\u00e9ter hossz\u00fas\u00e1g\u00fa. Az aut\u00f3busz automata kl\u00edmaberendez\u00e9ssel van ell\u00e1tva. \u00c1ll\u00edthat\u00f3 \u00fcl\u00e9sekkel.\" \/>\n<meta property=\"og:url\" content=\"https:\/\/gyepestrans.sk\/hu\/neoplan-cityliner-royal-class-2\/\" \/>\n<meta property=\"og:site_name\" content=\"Gyepes Trans\" \/>\n<meta property=\"article:modified_time\" content=\"2023-02-09T19:43:00+00:00\" \/>\n<meta name=\"twitter:card\" content=\"summary_large_image\" \/>\n<script type=\"application\/ld+json\" class=\"yoast-schema-graph\">{\"@context\":\"https:\/\/schema.org\",\"@graph\":[{\"@type\":\"WebPage\",\"@id\":\"https:\/\/gyepestrans.sk\/hu\/neoplan-cityliner-royal-class-2\/\",\"url\":\"https:\/\/gyepestrans.sk\/hu\/neoplan-cityliner-royal-class-2\/\",\"name\":\"Neoplan Cityliner Royal Class - Gyepes Trans\",\"isPartOf\":{\"@id\":\"https:\/\/gyepestrans.sk\/hu\/#website\"},\"datePublished\":\"2019-07-26T07:50:36+00:00\",\"dateModified\":\"2023-02-09T19:43:00+00:00\",\"description\":\"A Neoplan Cityliner komfortos, 2 tengelyes, gazdagon felszerelt aut\u00f3busz, 12 m\u00e9ter hossz\u00fas\u00e1g\u00fa. Az aut\u00f3busz automata kl\u00edmaberendez\u00e9ssel van ell\u00e1tva. \u00c1ll\u00edthat\u00f3 \u00fcl\u00e9sekkel.\",\"breadcrumb\":{\"@id\":\"https:\/\/gyepestrans.sk\/hu\/neoplan-cityliner-royal-class-2\/#breadcrumb\"},\"inLanguage\":\"hu\",\"potentialAction\":[{\"@type\":\"ReadAction\",\"target\":[\"https:\/\/gyepestrans.sk\/hu\/neoplan-cityliner-royal-class-2\/\"]}]},{\"@type\":\"BreadcrumbList\",\"@id\":\"https:\/\/gyepestrans.sk\/hu\/neoplan-cityliner-royal-class-2\/#breadcrumb\",\"itemListElement\":[{\"@type\":\"ListItem\",\"position\":1,\"name\":\"Home\",\"item\":\"https:\/\/gyepestrans.sk\/hu\/fooldal\/\"},{\"@type\":\"ListItem\",\"position\":2,\"name\":\"Neoplan Cityliner Royal Class\"}]},{\"@type\":\"WebSite\",\"@id\":\"https:\/\/gyepestrans.sk\/hu\/#website\",\"url\":\"https:\/\/gyepestrans.sk\/hu\/\",\"name\":\"Gyepes Trans\",\"description\":\"vn\u00fatro\u0161t\u00e1tna a medzin\u00e1rodn\u00e1 doprava\",\"potentialAction\":[{\"@type\":\"SearchAction\",\"target\":{\"@type\":\"EntryPoint\",\"urlTemplate\":\"https:\/\/gyepestrans.sk\/hu\/?s={search_term_string}\"},\"query-input\":{\"@type\":\"PropertyValueSpecification\",\"valueRequired\":true,\"valueName\":\"search_term_string\"}}],\"inLanguage\":\"hu\"}]}<\/script>\n<!-- \/ Yoast SEO plugin. -->","yoast_head_json":{"title":"Neoplan Cityliner Royal Class - Gyepes Trans","description":"A Neoplan Cityliner komfortos, 2 tengelyes, gazdagon felszerelt aut\u00f3busz, 12 m\u00e9ter hossz\u00fas\u00e1g\u00fa. Az aut\u00f3busz automata kl\u00edmaberendez\u00e9ssel van ell\u00e1tva. \u00c1ll\u00edthat\u00f3 \u00fcl\u00e9sekkel.","robots":{"index":"index","follow":"follow","max-snippet":"max-snippet:-1","max-image-preview":"max-image-preview:large","max-video-preview":"max-video-preview:-1"},"canonical":"https:\/\/gyepestrans.sk\/hu\/neoplan-cityliner-royal-class-2\/","og_locale":"hu_HU","og_type":"article","og_title":"Neoplan Cityliner Royal Class - Gyepes Trans","og_description":"A Neoplan Cityliner komfortos, 2 tengelyes, gazdagon felszerelt aut\u00f3busz, 12 m\u00e9ter hossz\u00fas\u00e1g\u00fa. Az aut\u00f3busz automata kl\u00edmaberendez\u00e9ssel van ell\u00e1tva. \u00c1ll\u00edthat\u00f3 \u00fcl\u00e9sekkel.","og_url":"https:\/\/gyepestrans.sk\/hu\/neoplan-cityliner-royal-class-2\/","og_site_name":"Gyepes Trans","article_modified_time":"2023-02-09T19:43:00+00:00","twitter_card":"summary_large_image","schema":{"@context":"https:\/\/schema.org","@graph":[{"@type":"WebPage","@id":"https:\/\/gyepestrans.sk\/hu\/neoplan-cityliner-royal-class-2\/","url":"https:\/\/gyepestrans.sk\/hu\/neoplan-cityliner-royal-class-2\/","name":"Neoplan Cityliner Royal Class - Gyepes Trans","isPartOf":{"@id":"https:\/\/gyepestrans.sk\/hu\/#website"},"datePublished":"2019-07-26T07:50:36+00:00","dateModified":"2023-02-09T19:43:00+00:00","description":"A Neoplan Cityliner komfortos, 2 tengelyes, gazdagon felszerelt aut\u00f3busz, 12 m\u00e9ter hossz\u00fas\u00e1g\u00fa. Az aut\u00f3busz automata kl\u00edmaberendez\u00e9ssel van ell\u00e1tva. \u00c1ll\u00edthat\u00f3 \u00fcl\u00e9sekkel.","breadcrumb":{"@id":"https:\/\/gyepestrans.sk\/hu\/neoplan-cityliner-royal-class-2\/#breadcrumb"},"inLanguage":"hu","potentialAction":[{"@type":"ReadAction","target":["https:\/\/gyepestrans.sk\/hu\/neoplan-cityliner-royal-class-2\/"]}]},{"@type":"BreadcrumbList","@id":"https:\/\/gyepestrans.sk\/hu\/neoplan-cityliner-royal-class-2\/#breadcrumb","itemListElement":[{"@type":"ListItem","position":1,"name":"Home","item":"https:\/\/gyepestrans.sk\/hu\/fooldal\/"},{"@type":"ListItem","position":2,"name":"Neoplan Cityliner Royal Class"}]},{"@type":"WebSite","@id":"https:\/\/gyepestrans.sk\/hu\/#website","url":"https:\/\/gyepestrans.sk\/hu\/","name":"Gyepes Trans","description":"vn\u00fatro\u0161t\u00e1tna a medzin\u00e1rodn\u00e1 doprava","potentialAction":[{"@type":"SearchAction","target":{"@type":"EntryPoint","urlTemplate":"https:\/\/gyepestrans.sk\/hu\/?s={search_term_string}"},"query-input":{"@type":"PropertyValueSpecification","valueRequired":true,"valueName":"search_term_string"}}],"inLanguage":"hu"}]}},"_links":{"self":[{"href":"https:\/\/gyepestrans.sk\/hu\/wp-json\/wp\/v2\/pages\/3917","targetHints":{"allow":["GET"]}}],"collection":[{"href":"https:\/\/gyepestrans.sk\/hu\/wp-json\/wp\/v2\/pages"}],"about":[{"href":"https:\/\/gyepestrans.sk\/hu\/wp-json\/wp\/v2\/types\/page"}],"author":[{"embeddable":true,"href":"https:\/\/gyepestrans.sk\/hu\/wp-json\/wp\/v2\/users\/1"}],"replies":[{"embeddable":true,"href":"https:\/\/gyepestrans.sk\/hu\/wp-json\/wp\/v2\/comments?post=3917"}],"version-history":[{"count":20,"href":"https:\/\/gyepestrans.sk\/hu\/wp-json\/wp\/v2\/pages\/3917\/revisions"}],"predecessor-version":[{"id":4191,"href":"https:\/\/gyepestrans.sk\/hu\/wp-json\/wp\/v2\/pages\/3917\/revisions\/4191"}],"wp:attachment":[{"href":"https:\/\/gyepestrans.sk\/hu\/wp-json\/wp\/v2\/media?parent=3917"}],"curies":[{"name":"wp","href":"https:\/\/api.w.org\/{rel}","templated":true}]}}