{"id":3840,"date":"2019-07-26T02:01:03","date_gmt":"2019-07-26T00:01:03","guid":{"rendered":"https:\/\/gyepestrans.sk\/gepjarmupark\/"},"modified":"2023-02-03T15:58:08","modified_gmt":"2023-02-03T14:58:08","slug":"gepjarmupark","status":"publish","type":"page","link":"https:\/\/gyepestrans.sk\/hu\/gepjarmupark\/","title":{"rendered":"G\u00e9pj\u00e1rm\u0171park"},"content":{"rendered":"","protected":false},"excerpt":{"rendered":"","protected":false},"author":1,"featured_media":0,"parent":0,"menu_order":0,"comment_status":"closed","ping_status":"closed","template":"","meta":{"inline_featured_image":false,"footnotes":""},"class_list":["post-3840","page","type-page","status-publish","hentry"],"yoast_head":"<!-- This site is optimized with the Yoast SEO plugin v27.2 - https:\/\/yoast.com\/product\/yoast-seo-wordpress\/ -->\n<title>G\u00e9pj\u00e1rm\u0171park - Gyepes Trans<\/title>\n<meta name=\"description\" content=\"G\u00e9pj\u00e1rm\u0171park - Saj\u00e1t bel\u00e1t\u00e1sa szerint v\u00e1lasszon j\u00e1rm\u0171vet! Olvassa el a r\u00e9szleteket a felszerel\u00e9sr\u0151l, n\u00e9zze meg a k\u00e9peket, tekintsen bele a r\u00e9szletes alaprajzba \u00e9s az \u00fcl\u00e9srendbe!\" \/>\n<meta name=\"robots\" content=\"index, follow, max-snippet:-1, max-image-preview:large, max-video-preview:-1\" \/>\n<link rel=\"canonical\" href=\"https:\/\/gyepestrans.sk\/hu\/gepjarmupark\/\" \/>\n<meta property=\"og:locale\" content=\"hu_HU\" \/>\n<meta property=\"og:type\" content=\"article\" \/>\n<meta property=\"og:title\" content=\"G\u00e9pj\u00e1rm\u0171park - Gyepes Trans\" \/>\n<meta property=\"og:description\" content=\"G\u00e9pj\u00e1rm\u0171park - Saj\u00e1t bel\u00e1t\u00e1sa szerint v\u00e1lasszon j\u00e1rm\u0171vet! Olvassa el a r\u00e9szleteket a felszerel\u00e9sr\u0151l, n\u00e9zze meg a k\u00e9peket, tekintsen bele a r\u00e9szletes alaprajzba \u00e9s az \u00fcl\u00e9srendbe!\" \/>\n<meta property=\"og:url\" content=\"https:\/\/gyepestrans.sk\/hu\/gepjarmupark\/\" \/>\n<meta property=\"og:site_name\" content=\"Gyepes Trans\" \/>\n<meta property=\"article:modified_time\" content=\"2023-02-03T14:58:08+00:00\" \/>\n<meta name=\"twitter:card\" content=\"summary_large_image\" \/>\n<script type=\"application\/ld+json\" class=\"yoast-schema-graph\">{\"@context\":\"https:\/\/schema.org\",\"@graph\":[{\"@type\":\"WebPage\",\"@id\":\"https:\/\/gyepestrans.sk\/hu\/gepjarmupark\/\",\"url\":\"https:\/\/gyepestrans.sk\/hu\/gepjarmupark\/\",\"name\":\"G\u00e9pj\u00e1rm\u0171park - Gyepes Trans\",\"isPartOf\":{\"@id\":\"https:\/\/gyepestrans.sk\/hu\/#website\"},\"datePublished\":\"2019-07-26T00:01:03+00:00\",\"dateModified\":\"2023-02-03T14:58:08+00:00\",\"description\":\"G\u00e9pj\u00e1rm\u0171park - Saj\u00e1t bel\u00e1t\u00e1sa szerint v\u00e1lasszon j\u00e1rm\u0171vet! Olvassa el a r\u00e9szleteket a felszerel\u00e9sr\u0151l, n\u00e9zze meg a k\u00e9peket, tekintsen bele a r\u00e9szletes alaprajzba \u00e9s az \u00fcl\u00e9srendbe!\",\"breadcrumb\":{\"@id\":\"https:\/\/gyepestrans.sk\/hu\/gepjarmupark\/#breadcrumb\"},\"inLanguage\":\"hu\",\"potentialAction\":[{\"@type\":\"ReadAction\",\"target\":[\"https:\/\/gyepestrans.sk\/hu\/gepjarmupark\/\"]}]},{\"@type\":\"BreadcrumbList\",\"@id\":\"https:\/\/gyepestrans.sk\/hu\/gepjarmupark\/#breadcrumb\",\"itemListElement\":[{\"@type\":\"ListItem\",\"position\":1,\"name\":\"Home\",\"item\":\"https:\/\/gyepestrans.sk\/hu\/fooldal\/\"},{\"@type\":\"ListItem\",\"position\":2,\"name\":\"G\u00e9pj\u00e1rm\u0171park\"}]},{\"@type\":\"WebSite\",\"@id\":\"https:\/\/gyepestrans.sk\/hu\/#website\",\"url\":\"https:\/\/gyepestrans.sk\/hu\/\",\"name\":\"Gyepes Trans\",\"description\":\"vn\u00fatro\u0161t\u00e1tna a medzin\u00e1rodn\u00e1 doprava\",\"potentialAction\":[{\"@type\":\"SearchAction\",\"target\":{\"@type\":\"EntryPoint\",\"urlTemplate\":\"https:\/\/gyepestrans.sk\/hu\/?s={search_term_string}\"},\"query-input\":{\"@type\":\"PropertyValueSpecification\",\"valueRequired\":true,\"valueName\":\"search_term_string\"}}],\"inLanguage\":\"hu\"}]}<\/script>\n<!-- \/ Yoast SEO plugin. -->","yoast_head_json":{"title":"G\u00e9pj\u00e1rm\u0171park - Gyepes Trans","description":"G\u00e9pj\u00e1rm\u0171park - Saj\u00e1t bel\u00e1t\u00e1sa szerint v\u00e1lasszon j\u00e1rm\u0171vet! Olvassa el a r\u00e9szleteket a felszerel\u00e9sr\u0151l, n\u00e9zze meg a k\u00e9peket, tekintsen bele a r\u00e9szletes alaprajzba \u00e9s az \u00fcl\u00e9srendbe!","robots":{"index":"index","follow":"follow","max-snippet":"max-snippet:-1","max-image-preview":"max-image-preview:large","max-video-preview":"max-video-preview:-1"},"canonical":"https:\/\/gyepestrans.sk\/hu\/gepjarmupark\/","og_locale":"hu_HU","og_type":"article","og_title":"G\u00e9pj\u00e1rm\u0171park - Gyepes Trans","og_description":"G\u00e9pj\u00e1rm\u0171park - Saj\u00e1t bel\u00e1t\u00e1sa szerint v\u00e1lasszon j\u00e1rm\u0171vet! Olvassa el a r\u00e9szleteket a felszerel\u00e9sr\u0151l, n\u00e9zze meg a k\u00e9peket, tekintsen bele a r\u00e9szletes alaprajzba \u00e9s az \u00fcl\u00e9srendbe!","og_url":"https:\/\/gyepestrans.sk\/hu\/gepjarmupark\/","og_site_name":"Gyepes Trans","article_modified_time":"2023-02-03T14:58:08+00:00","twitter_card":"summary_large_image","schema":{"@context":"https:\/\/schema.org","@graph":[{"@type":"WebPage","@id":"https:\/\/gyepestrans.sk\/hu\/gepjarmupark\/","url":"https:\/\/gyepestrans.sk\/hu\/gepjarmupark\/","name":"G\u00e9pj\u00e1rm\u0171park - Gyepes Trans","isPartOf":{"@id":"https:\/\/gyepestrans.sk\/hu\/#website"},"datePublished":"2019-07-26T00:01:03+00:00","dateModified":"2023-02-03T14:58:08+00:00","description":"G\u00e9pj\u00e1rm\u0171park - Saj\u00e1t bel\u00e1t\u00e1sa szerint v\u00e1lasszon j\u00e1rm\u0171vet! Olvassa el a r\u00e9szleteket a felszerel\u00e9sr\u0151l, n\u00e9zze meg a k\u00e9peket, tekintsen bele a r\u00e9szletes alaprajzba \u00e9s az \u00fcl\u00e9srendbe!","breadcrumb":{"@id":"https:\/\/gyepestrans.sk\/hu\/gepjarmupark\/#breadcrumb"},"inLanguage":"hu","potentialAction":[{"@type":"ReadAction","target":["https:\/\/gyepestrans.sk\/hu\/gepjarmupark\/"]}]},{"@type":"BreadcrumbList","@id":"https:\/\/gyepestrans.sk\/hu\/gepjarmupark\/#breadcrumb","itemListElement":[{"@type":"ListItem","position":1,"name":"Home","item":"https:\/\/gyepestrans.sk\/hu\/fooldal\/"},{"@type":"ListItem","position":2,"name":"G\u00e9pj\u00e1rm\u0171park"}]},{"@type":"WebSite","@id":"https:\/\/gyepestrans.sk\/hu\/#website","url":"https:\/\/gyepestrans.sk\/hu\/","name":"Gyepes Trans","description":"vn\u00fatro\u0161t\u00e1tna a medzin\u00e1rodn\u00e1 doprava","potentialAction":[{"@type":"SearchAction","target":{"@type":"EntryPoint","urlTemplate":"https:\/\/gyepestrans.sk\/hu\/?s={search_term_string}"},"query-input":{"@type":"PropertyValueSpecification","valueRequired":true,"valueName":"search_term_string"}}],"inLanguage":"hu"}]}},"_links":{"self":[{"href":"https:\/\/gyepestrans.sk\/hu\/wp-json\/wp\/v2\/pages\/3840","targetHints":{"allow":["GET"]}}],"collection":[{"href":"https:\/\/gyepestrans.sk\/hu\/wp-json\/wp\/v2\/pages"}],"about":[{"href":"https:\/\/gyepestrans.sk\/hu\/wp-json\/wp\/v2\/types\/page"}],"author":[{"embeddable":true,"href":"https:\/\/gyepestrans.sk\/hu\/wp-json\/wp\/v2\/users\/1"}],"replies":[{"embeddable":true,"href":"https:\/\/gyepestrans.sk\/hu\/wp-json\/wp\/v2\/comments?post=3840"}],"version-history":[{"count":9,"href":"https:\/\/gyepestrans.sk\/hu\/wp-json\/wp\/v2\/pages\/3840\/revisions"}],"predecessor-version":[{"id":4170,"href":"https:\/\/gyepestrans.sk\/hu\/wp-json\/wp\/v2\/pages\/3840\/revisions\/4170"}],"wp:attachment":[{"href":"https:\/\/gyepestrans.sk\/hu\/wp-json\/wp\/v2\/media?parent=3840"}],"curies":[{"name":"wp","href":"https:\/\/api.w.org\/{rel}","templated":true}]}}