{"id":3830,"date":"2019-07-26T01:37:13","date_gmt":"2019-07-25T23:37:13","guid":{"rendered":"https:\/\/gyepestrans.sk\/rolunk\/"},"modified":"2023-02-03T10:48:29","modified_gmt":"2023-02-03T09:48:29","slug":"rolunk","status":"publish","type":"page","link":"https:\/\/gyepestrans.sk\/hu\/rolunk\/","title":{"rendered":"R\u00f3lunk"},"content":{"rendered":"","protected":false},"excerpt":{"rendered":"","protected":false},"author":1,"featured_media":0,"parent":0,"menu_order":0,"comment_status":"closed","ping_status":"closed","template":"","meta":{"inline_featured_image":false,"footnotes":""},"class_list":["post-3830","page","type-page","status-publish","hentry"],"yoast_head":"<!-- This site is optimized with the Yoast SEO plugin v27.2 - https:\/\/yoast.com\/product\/yoast-seo-wordpress\/ -->\n<title>R\u00f3lunk - Gyepes Trans<\/title>\n<meta name=\"description\" content=\"Gyepes Trans - Helyi \u00e9s nemzetk\u00f6zi szem\u00e9lysz\u00e1ll\u00edt\u00e1st biztos\u00edtunk az 1994. \u00e9vt\u0151l. Igyeksz\u00fcnk \u00fcgyfeleink ig\u00e9nyeit rugalmasan, szem\u00e9lyre szabottan kiel\u00e9g\u00edteni.\" \/>\n<meta name=\"robots\" content=\"index, follow, max-snippet:-1, max-image-preview:large, max-video-preview:-1\" \/>\n<link rel=\"canonical\" href=\"https:\/\/gyepestrans.sk\/hu\/rolunk\/\" \/>\n<meta property=\"og:locale\" content=\"hu_HU\" \/>\n<meta property=\"og:type\" content=\"article\" \/>\n<meta property=\"og:title\" content=\"R\u00f3lunk - Gyepes Trans\" \/>\n<meta property=\"og:description\" content=\"Gyepes Trans - Helyi \u00e9s nemzetk\u00f6zi szem\u00e9lysz\u00e1ll\u00edt\u00e1st biztos\u00edtunk az 1994. \u00e9vt\u0151l. Igyeksz\u00fcnk \u00fcgyfeleink ig\u00e9nyeit rugalmasan, szem\u00e9lyre szabottan kiel\u00e9g\u00edteni.\" \/>\n<meta property=\"og:url\" content=\"https:\/\/gyepestrans.sk\/hu\/rolunk\/\" \/>\n<meta property=\"og:site_name\" content=\"Gyepes Trans\" \/>\n<meta property=\"article:modified_time\" content=\"2023-02-03T09:48:29+00:00\" \/>\n<meta name=\"twitter:card\" content=\"summary_large_image\" \/>\n<script type=\"application\/ld+json\" class=\"yoast-schema-graph\">{\"@context\":\"https:\/\/schema.org\",\"@graph\":[{\"@type\":\"WebPage\",\"@id\":\"https:\/\/gyepestrans.sk\/hu\/rolunk\/\",\"url\":\"https:\/\/gyepestrans.sk\/hu\/rolunk\/\",\"name\":\"R\u00f3lunk - Gyepes Trans\",\"isPartOf\":{\"@id\":\"https:\/\/gyepestrans.sk\/hu\/#website\"},\"datePublished\":\"2019-07-25T23:37:13+00:00\",\"dateModified\":\"2023-02-03T09:48:29+00:00\",\"description\":\"Gyepes Trans - Helyi \u00e9s nemzetk\u00f6zi szem\u00e9lysz\u00e1ll\u00edt\u00e1st biztos\u00edtunk az 1994. \u00e9vt\u0151l. Igyeksz\u00fcnk \u00fcgyfeleink ig\u00e9nyeit rugalmasan, szem\u00e9lyre szabottan kiel\u00e9g\u00edteni.\",\"breadcrumb\":{\"@id\":\"https:\/\/gyepestrans.sk\/hu\/rolunk\/#breadcrumb\"},\"inLanguage\":\"hu\",\"potentialAction\":[{\"@type\":\"ReadAction\",\"target\":[\"https:\/\/gyepestrans.sk\/hu\/rolunk\/\"]}]},{\"@type\":\"BreadcrumbList\",\"@id\":\"https:\/\/gyepestrans.sk\/hu\/rolunk\/#breadcrumb\",\"itemListElement\":[{\"@type\":\"ListItem\",\"position\":1,\"name\":\"Home\",\"item\":\"https:\/\/gyepestrans.sk\/hu\/fooldal\/\"},{\"@type\":\"ListItem\",\"position\":2,\"name\":\"R\u00f3lunk\"}]},{\"@type\":\"WebSite\",\"@id\":\"https:\/\/gyepestrans.sk\/hu\/#website\",\"url\":\"https:\/\/gyepestrans.sk\/hu\/\",\"name\":\"Gyepes Trans\",\"description\":\"vn\u00fatro\u0161t\u00e1tna a medzin\u00e1rodn\u00e1 doprava\",\"potentialAction\":[{\"@type\":\"SearchAction\",\"target\":{\"@type\":\"EntryPoint\",\"urlTemplate\":\"https:\/\/gyepestrans.sk\/hu\/?s={search_term_string}\"},\"query-input\":{\"@type\":\"PropertyValueSpecification\",\"valueRequired\":true,\"valueName\":\"search_term_string\"}}],\"inLanguage\":\"hu\"}]}<\/script>\n<!-- \/ Yoast SEO plugin. -->","yoast_head_json":{"title":"R\u00f3lunk - Gyepes Trans","description":"Gyepes Trans - Helyi \u00e9s nemzetk\u00f6zi szem\u00e9lysz\u00e1ll\u00edt\u00e1st biztos\u00edtunk az 1994. \u00e9vt\u0151l. Igyeksz\u00fcnk \u00fcgyfeleink ig\u00e9nyeit rugalmasan, szem\u00e9lyre szabottan kiel\u00e9g\u00edteni.","robots":{"index":"index","follow":"follow","max-snippet":"max-snippet:-1","max-image-preview":"max-image-preview:large","max-video-preview":"max-video-preview:-1"},"canonical":"https:\/\/gyepestrans.sk\/hu\/rolunk\/","og_locale":"hu_HU","og_type":"article","og_title":"R\u00f3lunk - Gyepes Trans","og_description":"Gyepes Trans - Helyi \u00e9s nemzetk\u00f6zi szem\u00e9lysz\u00e1ll\u00edt\u00e1st biztos\u00edtunk az 1994. \u00e9vt\u0151l. Igyeksz\u00fcnk \u00fcgyfeleink ig\u00e9nyeit rugalmasan, szem\u00e9lyre szabottan kiel\u00e9g\u00edteni.","og_url":"https:\/\/gyepestrans.sk\/hu\/rolunk\/","og_site_name":"Gyepes Trans","article_modified_time":"2023-02-03T09:48:29+00:00","twitter_card":"summary_large_image","schema":{"@context":"https:\/\/schema.org","@graph":[{"@type":"WebPage","@id":"https:\/\/gyepestrans.sk\/hu\/rolunk\/","url":"https:\/\/gyepestrans.sk\/hu\/rolunk\/","name":"R\u00f3lunk - Gyepes Trans","isPartOf":{"@id":"https:\/\/gyepestrans.sk\/hu\/#website"},"datePublished":"2019-07-25T23:37:13+00:00","dateModified":"2023-02-03T09:48:29+00:00","description":"Gyepes Trans - Helyi \u00e9s nemzetk\u00f6zi szem\u00e9lysz\u00e1ll\u00edt\u00e1st biztos\u00edtunk az 1994. \u00e9vt\u0151l. Igyeksz\u00fcnk \u00fcgyfeleink ig\u00e9nyeit rugalmasan, szem\u00e9lyre szabottan kiel\u00e9g\u00edteni.","breadcrumb":{"@id":"https:\/\/gyepestrans.sk\/hu\/rolunk\/#breadcrumb"},"inLanguage":"hu","potentialAction":[{"@type":"ReadAction","target":["https:\/\/gyepestrans.sk\/hu\/rolunk\/"]}]},{"@type":"BreadcrumbList","@id":"https:\/\/gyepestrans.sk\/hu\/rolunk\/#breadcrumb","itemListElement":[{"@type":"ListItem","position":1,"name":"Home","item":"https:\/\/gyepestrans.sk\/hu\/fooldal\/"},{"@type":"ListItem","position":2,"name":"R\u00f3lunk"}]},{"@type":"WebSite","@id":"https:\/\/gyepestrans.sk\/hu\/#website","url":"https:\/\/gyepestrans.sk\/hu\/","name":"Gyepes Trans","description":"vn\u00fatro\u0161t\u00e1tna a medzin\u00e1rodn\u00e1 doprava","potentialAction":[{"@type":"SearchAction","target":{"@type":"EntryPoint","urlTemplate":"https:\/\/gyepestrans.sk\/hu\/?s={search_term_string}"},"query-input":{"@type":"PropertyValueSpecification","valueRequired":true,"valueName":"search_term_string"}}],"inLanguage":"hu"}]}},"_links":{"self":[{"href":"https:\/\/gyepestrans.sk\/hu\/wp-json\/wp\/v2\/pages\/3830","targetHints":{"allow":["GET"]}}],"collection":[{"href":"https:\/\/gyepestrans.sk\/hu\/wp-json\/wp\/v2\/pages"}],"about":[{"href":"https:\/\/gyepestrans.sk\/hu\/wp-json\/wp\/v2\/types\/page"}],"author":[{"embeddable":true,"href":"https:\/\/gyepestrans.sk\/hu\/wp-json\/wp\/v2\/users\/1"}],"replies":[{"embeddable":true,"href":"https:\/\/gyepestrans.sk\/hu\/wp-json\/wp\/v2\/comments?post=3830"}],"version-history":[{"count":12,"href":"https:\/\/gyepestrans.sk\/hu\/wp-json\/wp\/v2\/pages\/3830\/revisions"}],"predecessor-version":[{"id":4148,"href":"https:\/\/gyepestrans.sk\/hu\/wp-json\/wp\/v2\/pages\/3830\/revisions\/4148"}],"wp:attachment":[{"href":"https:\/\/gyepestrans.sk\/hu\/wp-json\/wp\/v2\/media?parent=3830"}],"curies":[{"name":"wp","href":"https:\/\/api.w.org\/{rel}","templated":true}]}}