{"id":3809,"date":"2019-07-26T00:44:08","date_gmt":"2019-07-25T22:44:08","guid":{"rendered":"https:\/\/gyepestrans.sk\/fooldal\/"},"modified":"2023-02-02T18:30:25","modified_gmt":"2023-02-02T17:30:25","slug":"fooldal","status":"publish","type":"page","link":"https:\/\/gyepestrans.sk\/hu\/","title":{"rendered":"F\u0151oldal"},"content":{"rendered":"","protected":false},"excerpt":{"rendered":"","protected":false},"author":1,"featured_media":0,"parent":0,"menu_order":0,"comment_status":"closed","ping_status":"closed","template":"","meta":{"inline_featured_image":false,"footnotes":""},"class_list":["post-3809","page","type-page","status-publish","hentry"],"yoast_head":"<!-- This site is optimized with the Yoast SEO plugin v27.2 - https:\/\/yoast.com\/product\/yoast-seo-wordpress\/ -->\n<title>F\u0151oldal - Gyepes Trans<\/title>\n<meta name=\"description\" content=\"A Gyepes Trans kft. tradicion\u00e1lis csal\u00e1di v\u00e1llalkoz\u00e1s 1994-t\u0151l. Sz\u00e1munkra els\u0151rend\u0171, hogy utasainkat k\u00e9sedelem n\u00e9lk\u00fcl, biztons\u00e1gosan \u00e9s k\u00e9nyelmesen sz\u00e1ll\u00edtsuk.\" \/>\n<meta name=\"robots\" content=\"index, follow, max-snippet:-1, max-image-preview:large, max-video-preview:-1\" \/>\n<link rel=\"canonical\" href=\"https:\/\/gyepestrans.sk\/hu\/\" \/>\n<meta property=\"og:locale\" content=\"hu_HU\" \/>\n<meta property=\"og:type\" content=\"article\" \/>\n<meta property=\"og:title\" content=\"F\u0151oldal - Gyepes Trans\" \/>\n<meta property=\"og:description\" content=\"A Gyepes Trans kft. tradicion\u00e1lis csal\u00e1di v\u00e1llalkoz\u00e1s 1994-t\u0151l. Sz\u00e1munkra els\u0151rend\u0171, hogy utasainkat k\u00e9sedelem n\u00e9lk\u00fcl, biztons\u00e1gosan \u00e9s k\u00e9nyelmesen sz\u00e1ll\u00edtsuk.\" \/>\n<meta property=\"og:url\" content=\"https:\/\/gyepestrans.sk\/hu\/\" \/>\n<meta property=\"og:site_name\" content=\"Gyepes Trans\" \/>\n<meta property=\"article:modified_time\" content=\"2023-02-02T17:30:25+00:00\" \/>\n<meta name=\"twitter:card\" content=\"summary_large_image\" \/>\n<script type=\"application\/ld+json\" class=\"yoast-schema-graph\">{\"@context\":\"https:\/\/schema.org\",\"@graph\":[{\"@type\":\"WebPage\",\"@id\":\"https:\/\/gyepestrans.sk\/hu\/\",\"url\":\"https:\/\/gyepestrans.sk\/hu\/\",\"name\":\"F\u0151oldal - Gyepes Trans\",\"isPartOf\":{\"@id\":\"https:\/\/gyepestrans.sk\/hu\/#website\"},\"datePublished\":\"2019-07-25T22:44:08+00:00\",\"dateModified\":\"2023-02-02T17:30:25+00:00\",\"description\":\"A Gyepes Trans kft. tradicion\u00e1lis csal\u00e1di v\u00e1llalkoz\u00e1s 1994-t\u0151l. Sz\u00e1munkra els\u0151rend\u0171, hogy utasainkat k\u00e9sedelem n\u00e9lk\u00fcl, biztons\u00e1gosan \u00e9s k\u00e9nyelmesen sz\u00e1ll\u00edtsuk.\",\"breadcrumb\":{\"@id\":\"https:\/\/gyepestrans.sk\/hu\/#breadcrumb\"},\"inLanguage\":\"hu\",\"potentialAction\":[{\"@type\":\"ReadAction\",\"target\":[\"https:\/\/gyepestrans.sk\/hu\/\"]}]},{\"@type\":\"BreadcrumbList\",\"@id\":\"https:\/\/gyepestrans.sk\/hu\/#breadcrumb\",\"itemListElement\":[{\"@type\":\"ListItem\",\"position\":1,\"name\":\"Home\",\"item\":\"https:\/\/gyepestrans.sk\/hu\/fooldal\/\"},{\"@type\":\"ListItem\",\"position\":2,\"name\":\"F\u0151oldal\"}]},{\"@type\":\"WebSite\",\"@id\":\"https:\/\/gyepestrans.sk\/hu\/#website\",\"url\":\"https:\/\/gyepestrans.sk\/hu\/\",\"name\":\"Gyepes Trans\",\"description\":\"vn\u00fatro\u0161t\u00e1tna a medzin\u00e1rodn\u00e1 doprava\",\"potentialAction\":[{\"@type\":\"SearchAction\",\"target\":{\"@type\":\"EntryPoint\",\"urlTemplate\":\"https:\/\/gyepestrans.sk\/hu\/?s={search_term_string}\"},\"query-input\":{\"@type\":\"PropertyValueSpecification\",\"valueRequired\":true,\"valueName\":\"search_term_string\"}}],\"inLanguage\":\"hu\"}]}<\/script>\n<!-- \/ Yoast SEO plugin. -->","yoast_head_json":{"title":"F\u0151oldal - Gyepes Trans","description":"A Gyepes Trans kft. tradicion\u00e1lis csal\u00e1di v\u00e1llalkoz\u00e1s 1994-t\u0151l. Sz\u00e1munkra els\u0151rend\u0171, hogy utasainkat k\u00e9sedelem n\u00e9lk\u00fcl, biztons\u00e1gosan \u00e9s k\u00e9nyelmesen sz\u00e1ll\u00edtsuk.","robots":{"index":"index","follow":"follow","max-snippet":"max-snippet:-1","max-image-preview":"max-image-preview:large","max-video-preview":"max-video-preview:-1"},"canonical":"https:\/\/gyepestrans.sk\/hu\/","og_locale":"hu_HU","og_type":"article","og_title":"F\u0151oldal - Gyepes Trans","og_description":"A Gyepes Trans kft. tradicion\u00e1lis csal\u00e1di v\u00e1llalkoz\u00e1s 1994-t\u0151l. Sz\u00e1munkra els\u0151rend\u0171, hogy utasainkat k\u00e9sedelem n\u00e9lk\u00fcl, biztons\u00e1gosan \u00e9s k\u00e9nyelmesen sz\u00e1ll\u00edtsuk.","og_url":"https:\/\/gyepestrans.sk\/hu\/","og_site_name":"Gyepes Trans","article_modified_time":"2023-02-02T17:30:25+00:00","twitter_card":"summary_large_image","schema":{"@context":"https:\/\/schema.org","@graph":[{"@type":"WebPage","@id":"https:\/\/gyepestrans.sk\/hu\/","url":"https:\/\/gyepestrans.sk\/hu\/","name":"F\u0151oldal - Gyepes Trans","isPartOf":{"@id":"https:\/\/gyepestrans.sk\/hu\/#website"},"datePublished":"2019-07-25T22:44:08+00:00","dateModified":"2023-02-02T17:30:25+00:00","description":"A Gyepes Trans kft. tradicion\u00e1lis csal\u00e1di v\u00e1llalkoz\u00e1s 1994-t\u0151l. Sz\u00e1munkra els\u0151rend\u0171, hogy utasainkat k\u00e9sedelem n\u00e9lk\u00fcl, biztons\u00e1gosan \u00e9s k\u00e9nyelmesen sz\u00e1ll\u00edtsuk.","breadcrumb":{"@id":"https:\/\/gyepestrans.sk\/hu\/#breadcrumb"},"inLanguage":"hu","potentialAction":[{"@type":"ReadAction","target":["https:\/\/gyepestrans.sk\/hu\/"]}]},{"@type":"BreadcrumbList","@id":"https:\/\/gyepestrans.sk\/hu\/#breadcrumb","itemListElement":[{"@type":"ListItem","position":1,"name":"Home","item":"https:\/\/gyepestrans.sk\/hu\/fooldal\/"},{"@type":"ListItem","position":2,"name":"F\u0151oldal"}]},{"@type":"WebSite","@id":"https:\/\/gyepestrans.sk\/hu\/#website","url":"https:\/\/gyepestrans.sk\/hu\/","name":"Gyepes Trans","description":"vn\u00fatro\u0161t\u00e1tna a medzin\u00e1rodn\u00e1 doprava","potentialAction":[{"@type":"SearchAction","target":{"@type":"EntryPoint","urlTemplate":"https:\/\/gyepestrans.sk\/hu\/?s={search_term_string}"},"query-input":{"@type":"PropertyValueSpecification","valueRequired":true,"valueName":"search_term_string"}}],"inLanguage":"hu"}]}},"_links":{"self":[{"href":"https:\/\/gyepestrans.sk\/hu\/wp-json\/wp\/v2\/pages\/3809","targetHints":{"allow":["GET"]}}],"collection":[{"href":"https:\/\/gyepestrans.sk\/hu\/wp-json\/wp\/v2\/pages"}],"about":[{"href":"https:\/\/gyepestrans.sk\/hu\/wp-json\/wp\/v2\/types\/page"}],"author":[{"embeddable":true,"href":"https:\/\/gyepestrans.sk\/hu\/wp-json\/wp\/v2\/users\/1"}],"replies":[{"embeddable":true,"href":"https:\/\/gyepestrans.sk\/hu\/wp-json\/wp\/v2\/comments?post=3809"}],"version-history":[{"count":24,"href":"https:\/\/gyepestrans.sk\/hu\/wp-json\/wp\/v2\/pages\/3809\/revisions"}],"predecessor-version":[{"id":4144,"href":"https:\/\/gyepestrans.sk\/hu\/wp-json\/wp\/v2\/pages\/3809\/revisions\/4144"}],"wp:attachment":[{"href":"https:\/\/gyepestrans.sk\/hu\/wp-json\/wp\/v2\/media?parent=3809"}],"curies":[{"name":"wp","href":"https:\/\/api.w.org\/{rel}","templated":true}]}}