{"id":4532,"date":"2024-08-21T22:03:33","date_gmt":"2024-08-21T20:03:33","guid":{"rendered":"https:\/\/gyepestrans.sk\/?page_id=4532"},"modified":"2024-08-21T22:32:28","modified_gmt":"2024-08-21T20:32:28","slug":"airport-transfers","status":"publish","type":"page","link":"https:\/\/gyepestrans.sk\/en\/airport-transfers\/","title":{"rendered":"Airport transfers"},"content":{"rendered":"","protected":false},"excerpt":{"rendered":"","protected":false},"author":1,"featured_media":4312,"parent":0,"menu_order":0,"comment_status":"closed","ping_status":"closed","template":"","meta":{"inline_featured_image":false,"footnotes":""},"class_list":["post-4532","page","type-page","status-publish","has-post-thumbnail","hentry"],"yoast_head":"<!-- This site is optimized with the Yoast SEO plugin v27.2 - https:\/\/yoast.com\/product\/yoast-seo-wordpress\/ -->\n<title>Airport transfers - Gyepes Trans<\/title>\n<meta name=\"robots\" content=\"index, follow, max-snippet:-1, max-image-preview:large, max-video-preview:-1\" \/>\n<link rel=\"canonical\" href=\"https:\/\/gyepestrans.sk\/en\/airport-transfers\/\" \/>\n<meta property=\"og:locale\" content=\"en_US\" \/>\n<meta property=\"og:type\" content=\"article\" \/>\n<meta property=\"og:title\" content=\"Airport transfers - Gyepes Trans\" \/>\n<meta property=\"og:url\" content=\"https:\/\/gyepestrans.sk\/en\/airport-transfers\/\" \/>\n<meta property=\"og:site_name\" content=\"Gyepes Trans\" \/>\n<meta property=\"article:modified_time\" content=\"2024-08-21T20:32:28+00:00\" \/>\n<meta property=\"og:image\" content=\"https:\/\/gyepestrans.sk\/wp-content\/uploads\/2023\/04\/gyepestrans-letiskove-transfery-slide.jpg\" \/>\n\t<meta property=\"og:image:width\" content=\"1920\" \/>\n\t<meta property=\"og:image:height\" content=\"1080\" \/>\n\t<meta property=\"og:image:type\" content=\"image\/jpeg\" \/>\n<meta name=\"twitter:card\" content=\"summary_large_image\" \/>\n<script type=\"application\/ld+json\" class=\"yoast-schema-graph\">{\"@context\":\"https:\/\/schema.org\",\"@graph\":[{\"@type\":\"WebPage\",\"@id\":\"https:\/\/gyepestrans.sk\/en\/airport-transfers\/\",\"url\":\"https:\/\/gyepestrans.sk\/en\/airport-transfers\/\",\"name\":\"Airport transfers - Gyepes Trans\",\"isPartOf\":{\"@id\":\"https:\/\/gyepestrans.sk\/en\/#website\"},\"primaryImageOfPage\":{\"@id\":\"https:\/\/gyepestrans.sk\/en\/airport-transfers\/#primaryimage\"},\"image\":{\"@id\":\"https:\/\/gyepestrans.sk\/en\/airport-transfers\/#primaryimage\"},\"thumbnailUrl\":\"https:\/\/gyepestrans.sk\/wp-content\/uploads\/2023\/04\/gyepestrans-letiskove-transfery-slide.jpg\",\"datePublished\":\"2024-08-21T20:03:33+00:00\",\"dateModified\":\"2024-08-21T20:32:28+00:00\",\"breadcrumb\":{\"@id\":\"https:\/\/gyepestrans.sk\/en\/airport-transfers\/#breadcrumb\"},\"inLanguage\":\"en-US\",\"potentialAction\":[{\"@type\":\"ReadAction\",\"target\":[\"https:\/\/gyepestrans.sk\/en\/airport-transfers\/\"]}]},{\"@type\":\"ImageObject\",\"inLanguage\":\"en-US\",\"@id\":\"https:\/\/gyepestrans.sk\/en\/airport-transfers\/#primaryimage\",\"url\":\"https:\/\/gyepestrans.sk\/wp-content\/uploads\/2023\/04\/gyepestrans-letiskove-transfery-slide.jpg\",\"contentUrl\":\"https:\/\/gyepestrans.sk\/wp-content\/uploads\/2023\/04\/gyepestrans-letiskove-transfery-slide.jpg\",\"width\":1920,\"height\":1080},{\"@type\":\"BreadcrumbList\",\"@id\":\"https:\/\/gyepestrans.sk\/en\/airport-transfers\/#breadcrumb\",\"itemListElement\":[{\"@type\":\"ListItem\",\"position\":1,\"name\":\"Home\",\"item\":\"https:\/\/gyepestrans.sk\/en\/domov\/\"},{\"@type\":\"ListItem\",\"position\":2,\"name\":\"Airport transfers\"}]},{\"@type\":\"WebSite\",\"@id\":\"https:\/\/gyepestrans.sk\/en\/#website\",\"url\":\"https:\/\/gyepestrans.sk\/en\/\",\"name\":\"Gyepes Trans\",\"description\":\"vn\u00fatro\u0161t\u00e1tna a medzin\u00e1rodn\u00e1 doprava\",\"potentialAction\":[{\"@type\":\"SearchAction\",\"target\":{\"@type\":\"EntryPoint\",\"urlTemplate\":\"https:\/\/gyepestrans.sk\/en\/?s={search_term_string}\"},\"query-input\":{\"@type\":\"PropertyValueSpecification\",\"valueRequired\":true,\"valueName\":\"search_term_string\"}}],\"inLanguage\":\"en-US\"}]}<\/script>\n<!-- \/ Yoast SEO plugin. -->","yoast_head_json":{"title":"Airport transfers - Gyepes Trans","robots":{"index":"index","follow":"follow","max-snippet":"max-snippet:-1","max-image-preview":"max-image-preview:large","max-video-preview":"max-video-preview:-1"},"canonical":"https:\/\/gyepestrans.sk\/en\/airport-transfers\/","og_locale":"en_US","og_type":"article","og_title":"Airport transfers - Gyepes Trans","og_url":"https:\/\/gyepestrans.sk\/en\/airport-transfers\/","og_site_name":"Gyepes Trans","article_modified_time":"2024-08-21T20:32:28+00:00","og_image":[{"width":1920,"height":1080,"url":"https:\/\/gyepestrans.sk\/wp-content\/uploads\/2023\/04\/gyepestrans-letiskove-transfery-slide.jpg","type":"image\/jpeg"}],"twitter_card":"summary_large_image","schema":{"@context":"https:\/\/schema.org","@graph":[{"@type":"WebPage","@id":"https:\/\/gyepestrans.sk\/en\/airport-transfers\/","url":"https:\/\/gyepestrans.sk\/en\/airport-transfers\/","name":"Airport transfers - Gyepes Trans","isPartOf":{"@id":"https:\/\/gyepestrans.sk\/en\/#website"},"primaryImageOfPage":{"@id":"https:\/\/gyepestrans.sk\/en\/airport-transfers\/#primaryimage"},"image":{"@id":"https:\/\/gyepestrans.sk\/en\/airport-transfers\/#primaryimage"},"thumbnailUrl":"https:\/\/gyepestrans.sk\/wp-content\/uploads\/2023\/04\/gyepestrans-letiskove-transfery-slide.jpg","datePublished":"2024-08-21T20:03:33+00:00","dateModified":"2024-08-21T20:32:28+00:00","breadcrumb":{"@id":"https:\/\/gyepestrans.sk\/en\/airport-transfers\/#breadcrumb"},"inLanguage":"en-US","potentialAction":[{"@type":"ReadAction","target":["https:\/\/gyepestrans.sk\/en\/airport-transfers\/"]}]},{"@type":"ImageObject","inLanguage":"en-US","@id":"https:\/\/gyepestrans.sk\/en\/airport-transfers\/#primaryimage","url":"https:\/\/gyepestrans.sk\/wp-content\/uploads\/2023\/04\/gyepestrans-letiskove-transfery-slide.jpg","contentUrl":"https:\/\/gyepestrans.sk\/wp-content\/uploads\/2023\/04\/gyepestrans-letiskove-transfery-slide.jpg","width":1920,"height":1080},{"@type":"BreadcrumbList","@id":"https:\/\/gyepestrans.sk\/en\/airport-transfers\/#breadcrumb","itemListElement":[{"@type":"ListItem","position":1,"name":"Home","item":"https:\/\/gyepestrans.sk\/en\/domov\/"},{"@type":"ListItem","position":2,"name":"Airport transfers"}]},{"@type":"WebSite","@id":"https:\/\/gyepestrans.sk\/en\/#website","url":"https:\/\/gyepestrans.sk\/en\/","name":"Gyepes Trans","description":"vn\u00fatro\u0161t\u00e1tna a medzin\u00e1rodn\u00e1 doprava","potentialAction":[{"@type":"SearchAction","target":{"@type":"EntryPoint","urlTemplate":"https:\/\/gyepestrans.sk\/en\/?s={search_term_string}"},"query-input":{"@type":"PropertyValueSpecification","valueRequired":true,"valueName":"search_term_string"}}],"inLanguage":"en-US"}]}},"_links":{"self":[{"href":"https:\/\/gyepestrans.sk\/en\/wp-json\/wp\/v2\/pages\/4532","targetHints":{"allow":["GET"]}}],"collection":[{"href":"https:\/\/gyepestrans.sk\/en\/wp-json\/wp\/v2\/pages"}],"about":[{"href":"https:\/\/gyepestrans.sk\/en\/wp-json\/wp\/v2\/types\/page"}],"author":[{"embeddable":true,"href":"https:\/\/gyepestrans.sk\/en\/wp-json\/wp\/v2\/users\/1"}],"replies":[{"embeddable":true,"href":"https:\/\/gyepestrans.sk\/en\/wp-json\/wp\/v2\/comments?post=4532"}],"version-history":[{"count":1,"href":"https:\/\/gyepestrans.sk\/en\/wp-json\/wp\/v2\/pages\/4532\/revisions"}],"predecessor-version":[{"id":4533,"href":"https:\/\/gyepestrans.sk\/en\/wp-json\/wp\/v2\/pages\/4532\/revisions\/4533"}],"wp:featuredmedia":[{"embeddable":true,"href":"https:\/\/gyepestrans.sk\/en\/wp-json\/wp\/v2\/media\/4312"}],"wp:attachment":[{"href":"https:\/\/gyepestrans.sk\/en\/wp-json\/wp\/v2\/media?parent=4532"}],"curies":[{"name":"wp","href":"https:\/\/api.w.org\/{rel}","templated":true}]}}