{"id":4407,"date":"2023-07-17T14:51:17","date_gmt":"2023-07-17T12:51:17","guid":{"rendered":"https:\/\/gyepestrans.sk\/?page_id=4407"},"modified":"2023-07-17T14:51:24","modified_gmt":"2023-07-17T12:51:24","slug":"bike-trailer","status":"publish","type":"page","link":"https:\/\/gyepestrans.sk\/en\/bike-trailer\/","title":{"rendered":"Bike Trailer"},"content":{"rendered":"","protected":false},"excerpt":{"rendered":"","protected":false},"author":1,"featured_media":0,"parent":0,"menu_order":0,"comment_status":"closed","ping_status":"closed","template":"","meta":{"inline_featured_image":false,"footnotes":""},"class_list":["post-4407","page","type-page","status-publish","hentry"],"yoast_head":"<!-- This site is optimized with the Yoast SEO plugin v27.2 - https:\/\/yoast.com\/product\/yoast-seo-wordpress\/ -->\n<title>Bike Trailer - Gyepes Trans<\/title>\n<meta name=\"robots\" content=\"index, follow, max-snippet:-1, max-image-preview:large, max-video-preview:-1\" \/>\n<link rel=\"canonical\" href=\"https:\/\/gyepestrans.sk\/en\/bike-trailer\/\" \/>\n<meta property=\"og:locale\" content=\"en_US\" \/>\n<meta property=\"og:type\" content=\"article\" \/>\n<meta property=\"og:title\" content=\"Bike Trailer - Gyepes Trans\" \/>\n<meta property=\"og:url\" content=\"https:\/\/gyepestrans.sk\/en\/bike-trailer\/\" \/>\n<meta property=\"og:site_name\" content=\"Gyepes Trans\" \/>\n<meta property=\"article:modified_time\" content=\"2023-07-17T12:51:24+00:00\" \/>\n<meta name=\"twitter:card\" content=\"summary_large_image\" \/>\n<script type=\"application\/ld+json\" class=\"yoast-schema-graph\">{\"@context\":\"https:\/\/schema.org\",\"@graph\":[{\"@type\":\"WebPage\",\"@id\":\"https:\/\/gyepestrans.sk\/en\/bike-trailer\/\",\"url\":\"https:\/\/gyepestrans.sk\/en\/bike-trailer\/\",\"name\":\"Bike Trailer - Gyepes Trans\",\"isPartOf\":{\"@id\":\"https:\/\/gyepestrans.sk\/en\/#website\"},\"datePublished\":\"2023-07-17T12:51:17+00:00\",\"dateModified\":\"2023-07-17T12:51:24+00:00\",\"breadcrumb\":{\"@id\":\"https:\/\/gyepestrans.sk\/en\/bike-trailer\/#breadcrumb\"},\"inLanguage\":\"en-US\",\"potentialAction\":[{\"@type\":\"ReadAction\",\"target\":[\"https:\/\/gyepestrans.sk\/en\/bike-trailer\/\"]}]},{\"@type\":\"BreadcrumbList\",\"@id\":\"https:\/\/gyepestrans.sk\/en\/bike-trailer\/#breadcrumb\",\"itemListElement\":[{\"@type\":\"ListItem\",\"position\":1,\"name\":\"Home\",\"item\":\"https:\/\/gyepestrans.sk\/en\/domov\/\"},{\"@type\":\"ListItem\",\"position\":2,\"name\":\"Bike Trailer\"}]},{\"@type\":\"WebSite\",\"@id\":\"https:\/\/gyepestrans.sk\/en\/#website\",\"url\":\"https:\/\/gyepestrans.sk\/en\/\",\"name\":\"Gyepes Trans\",\"description\":\"vn\u00fatro\u0161t\u00e1tna a medzin\u00e1rodn\u00e1 doprava\",\"potentialAction\":[{\"@type\":\"SearchAction\",\"target\":{\"@type\":\"EntryPoint\",\"urlTemplate\":\"https:\/\/gyepestrans.sk\/en\/?s={search_term_string}\"},\"query-input\":{\"@type\":\"PropertyValueSpecification\",\"valueRequired\":true,\"valueName\":\"search_term_string\"}}],\"inLanguage\":\"en-US\"}]}<\/script>\n<!-- \/ Yoast SEO plugin. -->","yoast_head_json":{"title":"Bike Trailer - Gyepes Trans","robots":{"index":"index","follow":"follow","max-snippet":"max-snippet:-1","max-image-preview":"max-image-preview:large","max-video-preview":"max-video-preview:-1"},"canonical":"https:\/\/gyepestrans.sk\/en\/bike-trailer\/","og_locale":"en_US","og_type":"article","og_title":"Bike Trailer - Gyepes Trans","og_url":"https:\/\/gyepestrans.sk\/en\/bike-trailer\/","og_site_name":"Gyepes Trans","article_modified_time":"2023-07-17T12:51:24+00:00","twitter_card":"summary_large_image","schema":{"@context":"https:\/\/schema.org","@graph":[{"@type":"WebPage","@id":"https:\/\/gyepestrans.sk\/en\/bike-trailer\/","url":"https:\/\/gyepestrans.sk\/en\/bike-trailer\/","name":"Bike Trailer - Gyepes Trans","isPartOf":{"@id":"https:\/\/gyepestrans.sk\/en\/#website"},"datePublished":"2023-07-17T12:51:17+00:00","dateModified":"2023-07-17T12:51:24+00:00","breadcrumb":{"@id":"https:\/\/gyepestrans.sk\/en\/bike-trailer\/#breadcrumb"},"inLanguage":"en-US","potentialAction":[{"@type":"ReadAction","target":["https:\/\/gyepestrans.sk\/en\/bike-trailer\/"]}]},{"@type":"BreadcrumbList","@id":"https:\/\/gyepestrans.sk\/en\/bike-trailer\/#breadcrumb","itemListElement":[{"@type":"ListItem","position":1,"name":"Home","item":"https:\/\/gyepestrans.sk\/en\/domov\/"},{"@type":"ListItem","position":2,"name":"Bike Trailer"}]},{"@type":"WebSite","@id":"https:\/\/gyepestrans.sk\/en\/#website","url":"https:\/\/gyepestrans.sk\/en\/","name":"Gyepes Trans","description":"vn\u00fatro\u0161t\u00e1tna a medzin\u00e1rodn\u00e1 doprava","potentialAction":[{"@type":"SearchAction","target":{"@type":"EntryPoint","urlTemplate":"https:\/\/gyepestrans.sk\/en\/?s={search_term_string}"},"query-input":{"@type":"PropertyValueSpecification","valueRequired":true,"valueName":"search_term_string"}}],"inLanguage":"en-US"}]}},"_links":{"self":[{"href":"https:\/\/gyepestrans.sk\/en\/wp-json\/wp\/v2\/pages\/4407","targetHints":{"allow":["GET"]}}],"collection":[{"href":"https:\/\/gyepestrans.sk\/en\/wp-json\/wp\/v2\/pages"}],"about":[{"href":"https:\/\/gyepestrans.sk\/en\/wp-json\/wp\/v2\/types\/page"}],"author":[{"embeddable":true,"href":"https:\/\/gyepestrans.sk\/en\/wp-json\/wp\/v2\/users\/1"}],"replies":[{"embeddable":true,"href":"https:\/\/gyepestrans.sk\/en\/wp-json\/wp\/v2\/comments?post=4407"}],"version-history":[{"count":1,"href":"https:\/\/gyepestrans.sk\/en\/wp-json\/wp\/v2\/pages\/4407\/revisions"}],"predecessor-version":[{"id":4408,"href":"https:\/\/gyepestrans.sk\/en\/wp-json\/wp\/v2\/pages\/4407\/revisions\/4408"}],"wp:attachment":[{"href":"https:\/\/gyepestrans.sk\/en\/wp-json\/wp\/v2\/media?parent=4407"}],"curies":[{"name":"wp","href":"https:\/\/api.w.org\/{rel}","templated":true}]}}