{"id":4536,"date":"2023-07-05T23:39:42","date_gmt":"2023-07-05T21:39:42","guid":{"rendered":"https:\/\/gyepestrans.sk\/cykloprives\/"},"modified":"2024-10-12T11:35:35","modified_gmt":"2024-10-12T09:35:35","slug":"bikeliner-cyclo-anhanger","status":"publish","type":"page","link":"https:\/\/gyepestrans.sk\/de\/bikeliner-cyclo-anhanger\/","title":{"rendered":"Bikeliner cyclo-anh\u00e4nger"},"content":{"rendered":"","protected":false},"excerpt":{"rendered":"","protected":false},"author":1,"featured_media":0,"parent":0,"menu_order":0,"comment_status":"closed","ping_status":"closed","template":"","meta":{"inline_featured_image":false,"footnotes":""},"class_list":["post-4536","page","type-page","status-publish","hentry"],"yoast_head":"<!-- This site is optimized with the Yoast SEO plugin v27.2 - https:\/\/yoast.com\/product\/yoast-seo-wordpress\/ -->\n<title>Bikeliner cyclo-anh\u00e4nger - Gyepes Trans<\/title>\n<meta name=\"robots\" content=\"index, follow, max-snippet:-1, max-image-preview:large, max-video-preview:-1\" \/>\n<link rel=\"canonical\" href=\"https:\/\/gyepestrans.sk\/de\/bikeliner-cyclo-anhanger\/\" \/>\n<meta property=\"og:locale\" content=\"de_DE\" \/>\n<meta property=\"og:type\" content=\"article\" \/>\n<meta property=\"og:title\" content=\"Bikeliner cyclo-anh\u00e4nger - Gyepes Trans\" \/>\n<meta property=\"og:url\" content=\"https:\/\/gyepestrans.sk\/de\/bikeliner-cyclo-anhanger\/\" \/>\n<meta property=\"og:site_name\" content=\"Gyepes Trans\" \/>\n<meta property=\"article:modified_time\" content=\"2024-10-12T09:35:35+00:00\" \/>\n<meta name=\"twitter:card\" content=\"summary_large_image\" \/>\n<meta name=\"twitter:label1\" content=\"Gesch\u00e4tzte Lesezeit\" \/>\n\t<meta name=\"twitter:data1\" content=\"6\u00a0Minuten\" \/>\n<script type=\"application\/ld+json\" class=\"yoast-schema-graph\">{\"@context\":\"https:\/\/schema.org\",\"@graph\":[{\"@type\":\"WebPage\",\"@id\":\"https:\/\/gyepestrans.sk\/de\/bikeliner-cyclo-anhanger\/\",\"url\":\"https:\/\/gyepestrans.sk\/de\/bikeliner-cyclo-anhanger\/\",\"name\":\"Bikeliner cyclo-anh\u00e4nger - Gyepes Trans\",\"isPartOf\":{\"@id\":\"https:\/\/gyepestrans.sk\/de\/#website\"},\"datePublished\":\"2023-07-05T21:39:42+00:00\",\"dateModified\":\"2024-10-12T09:35:35+00:00\",\"breadcrumb\":{\"@id\":\"https:\/\/gyepestrans.sk\/de\/bikeliner-cyclo-anhanger\/#breadcrumb\"},\"inLanguage\":\"de\",\"potentialAction\":[{\"@type\":\"ReadAction\",\"target\":[\"https:\/\/gyepestrans.sk\/de\/bikeliner-cyclo-anhanger\/\"]}]},{\"@type\":\"BreadcrumbList\",\"@id\":\"https:\/\/gyepestrans.sk\/de\/bikeliner-cyclo-anhanger\/#breadcrumb\",\"itemListElement\":[{\"@type\":\"ListItem\",\"position\":1,\"name\":\"Home\",\"item\":\"https:\/\/gyepestrans.sk\/de\/home\/\"},{\"@type\":\"ListItem\",\"position\":2,\"name\":\"Bikeliner cyclo-anh\u00e4nger\"}]},{\"@type\":\"WebSite\",\"@id\":\"https:\/\/gyepestrans.sk\/de\/#website\",\"url\":\"https:\/\/gyepestrans.sk\/de\/\",\"name\":\"Gyepes Trans\",\"description\":\"vn\u00fatro\u0161t\u00e1tna a medzin\u00e1rodn\u00e1 doprava\",\"potentialAction\":[{\"@type\":\"SearchAction\",\"target\":{\"@type\":\"EntryPoint\",\"urlTemplate\":\"https:\/\/gyepestrans.sk\/de\/?s={search_term_string}\"},\"query-input\":{\"@type\":\"PropertyValueSpecification\",\"valueRequired\":true,\"valueName\":\"search_term_string\"}}],\"inLanguage\":\"de\"}]}<\/script>\n<!-- \/ Yoast SEO plugin. -->","yoast_head_json":{"title":"Bikeliner cyclo-anh\u00e4nger - Gyepes Trans","robots":{"index":"index","follow":"follow","max-snippet":"max-snippet:-1","max-image-preview":"max-image-preview:large","max-video-preview":"max-video-preview:-1"},"canonical":"https:\/\/gyepestrans.sk\/de\/bikeliner-cyclo-anhanger\/","og_locale":"de_DE","og_type":"article","og_title":"Bikeliner cyclo-anh\u00e4nger - Gyepes Trans","og_url":"https:\/\/gyepestrans.sk\/de\/bikeliner-cyclo-anhanger\/","og_site_name":"Gyepes Trans","article_modified_time":"2024-10-12T09:35:35+00:00","twitter_card":"summary_large_image","twitter_misc":{"Gesch\u00e4tzte Lesezeit":"6\u00a0Minuten"},"schema":{"@context":"https:\/\/schema.org","@graph":[{"@type":"WebPage","@id":"https:\/\/gyepestrans.sk\/de\/bikeliner-cyclo-anhanger\/","url":"https:\/\/gyepestrans.sk\/de\/bikeliner-cyclo-anhanger\/","name":"Bikeliner cyclo-anh\u00e4nger - Gyepes Trans","isPartOf":{"@id":"https:\/\/gyepestrans.sk\/de\/#website"},"datePublished":"2023-07-05T21:39:42+00:00","dateModified":"2024-10-12T09:35:35+00:00","breadcrumb":{"@id":"https:\/\/gyepestrans.sk\/de\/bikeliner-cyclo-anhanger\/#breadcrumb"},"inLanguage":"de","potentialAction":[{"@type":"ReadAction","target":["https:\/\/gyepestrans.sk\/de\/bikeliner-cyclo-anhanger\/"]}]},{"@type":"BreadcrumbList","@id":"https:\/\/gyepestrans.sk\/de\/bikeliner-cyclo-anhanger\/#breadcrumb","itemListElement":[{"@type":"ListItem","position":1,"name":"Home","item":"https:\/\/gyepestrans.sk\/de\/home\/"},{"@type":"ListItem","position":2,"name":"Bikeliner cyclo-anh\u00e4nger"}]},{"@type":"WebSite","@id":"https:\/\/gyepestrans.sk\/de\/#website","url":"https:\/\/gyepestrans.sk\/de\/","name":"Gyepes Trans","description":"vn\u00fatro\u0161t\u00e1tna a medzin\u00e1rodn\u00e1 doprava","potentialAction":[{"@type":"SearchAction","target":{"@type":"EntryPoint","urlTemplate":"https:\/\/gyepestrans.sk\/de\/?s={search_term_string}"},"query-input":{"@type":"PropertyValueSpecification","valueRequired":true,"valueName":"search_term_string"}}],"inLanguage":"de"}]}},"_links":{"self":[{"href":"https:\/\/gyepestrans.sk\/de\/wp-json\/wp\/v2\/pages\/4536","targetHints":{"allow":["GET"]}}],"collection":[{"href":"https:\/\/gyepestrans.sk\/de\/wp-json\/wp\/v2\/pages"}],"about":[{"href":"https:\/\/gyepestrans.sk\/de\/wp-json\/wp\/v2\/types\/page"}],"author":[{"embeddable":true,"href":"https:\/\/gyepestrans.sk\/de\/wp-json\/wp\/v2\/users\/1"}],"replies":[{"embeddable":true,"href":"https:\/\/gyepestrans.sk\/de\/wp-json\/wp\/v2\/comments?post=4536"}],"version-history":[{"count":2,"href":"https:\/\/gyepestrans.sk\/de\/wp-json\/wp\/v2\/pages\/4536\/revisions"}],"predecessor-version":[{"id":4538,"href":"https:\/\/gyepestrans.sk\/de\/wp-json\/wp\/v2\/pages\/4536\/revisions\/4538"}],"wp:attachment":[{"href":"https:\/\/gyepestrans.sk\/de\/wp-json\/wp\/v2\/media?parent=4536"}],"curies":[{"name":"wp","href":"https:\/\/api.w.org\/{rel}","templated":true}]}}