{"id":3196,"date":"2019-07-23T10:24:23","date_gmt":"2019-07-23T08:24:23","guid":{"rendered":"https:\/\/gyepestrans.sk\/mercedes-benz-sprinter\/"},"modified":"2023-02-10T09:13:45","modified_gmt":"2023-02-10T08:13:45","slug":"mercedes-benz-sprinter","status":"publish","type":"page","link":"https:\/\/gyepestrans.sk\/de\/mercedes-benz-sprinter\/","title":{"rendered":"Mercedes Benz Sprinter"},"content":{"rendered":"","protected":false},"excerpt":{"rendered":"","protected":false},"author":1,"featured_media":0,"parent":0,"menu_order":0,"comment_status":"closed","ping_status":"closed","template":"","meta":{"inline_featured_image":false,"footnotes":""},"class_list":["post-3196","page","type-page","status-publish","hentry"],"yoast_head":"<!-- This site is optimized with the Yoast SEO plugin v27.2 - https:\/\/yoast.com\/product\/yoast-seo-wordpress\/ -->\n<title>Mercedes Benz Sprinter - Gyepes Trans<\/title>\n<meta name=\"description\" content=\"Mercedes Benz Sprinter ist ein komfortabler 16-Sitzer Minibus mit verstellbaren Sitzen mit ausreichend Fu\u00dfraum f\u00fcr komfortables Reisen ausgestattet.\" \/>\n<meta name=\"robots\" content=\"index, follow, max-snippet:-1, max-image-preview:large, max-video-preview:-1\" \/>\n<link rel=\"canonical\" href=\"https:\/\/gyepestrans.sk\/de\/mercedes-benz-sprinter\/\" \/>\n<meta property=\"og:locale\" content=\"de_DE\" \/>\n<meta property=\"og:type\" content=\"article\" \/>\n<meta property=\"og:title\" content=\"Mercedes Benz Sprinter - Gyepes Trans\" \/>\n<meta property=\"og:description\" content=\"Mercedes Benz Sprinter ist ein komfortabler 16-Sitzer Minibus mit verstellbaren Sitzen mit ausreichend Fu\u00dfraum f\u00fcr komfortables Reisen ausgestattet.\" \/>\n<meta property=\"og:url\" content=\"https:\/\/gyepestrans.sk\/de\/mercedes-benz-sprinter\/\" \/>\n<meta property=\"og:site_name\" content=\"Gyepes Trans\" \/>\n<meta property=\"article:modified_time\" content=\"2023-02-10T08:13:45+00:00\" \/>\n<meta name=\"twitter:card\" content=\"summary_large_image\" \/>\n<script type=\"application\/ld+json\" class=\"yoast-schema-graph\">{\"@context\":\"https:\/\/schema.org\",\"@graph\":[{\"@type\":\"WebPage\",\"@id\":\"https:\/\/gyepestrans.sk\/de\/mercedes-benz-sprinter\/\",\"url\":\"https:\/\/gyepestrans.sk\/de\/mercedes-benz-sprinter\/\",\"name\":\"Mercedes Benz Sprinter - Gyepes Trans\",\"isPartOf\":{\"@id\":\"https:\/\/gyepestrans.sk\/de\/#website\"},\"datePublished\":\"2019-07-23T08:24:23+00:00\",\"dateModified\":\"2023-02-10T08:13:45+00:00\",\"description\":\"Mercedes Benz Sprinter ist ein komfortabler 16-Sitzer Minibus mit verstellbaren Sitzen mit ausreichend Fu\u00dfraum f\u00fcr komfortables Reisen ausgestattet.\",\"breadcrumb\":{\"@id\":\"https:\/\/gyepestrans.sk\/de\/mercedes-benz-sprinter\/#breadcrumb\"},\"inLanguage\":\"de\",\"potentialAction\":[{\"@type\":\"ReadAction\",\"target\":[\"https:\/\/gyepestrans.sk\/de\/mercedes-benz-sprinter\/\"]}]},{\"@type\":\"BreadcrumbList\",\"@id\":\"https:\/\/gyepestrans.sk\/de\/mercedes-benz-sprinter\/#breadcrumb\",\"itemListElement\":[{\"@type\":\"ListItem\",\"position\":1,\"name\":\"Home\",\"item\":\"https:\/\/gyepestrans.sk\/de\/home\/\"},{\"@type\":\"ListItem\",\"position\":2,\"name\":\"Mercedes Benz Sprinter\"}]},{\"@type\":\"WebSite\",\"@id\":\"https:\/\/gyepestrans.sk\/de\/#website\",\"url\":\"https:\/\/gyepestrans.sk\/de\/\",\"name\":\"Gyepes Trans\",\"description\":\"vn\u00fatro\u0161t\u00e1tna a medzin\u00e1rodn\u00e1 doprava\",\"potentialAction\":[{\"@type\":\"SearchAction\",\"target\":{\"@type\":\"EntryPoint\",\"urlTemplate\":\"https:\/\/gyepestrans.sk\/de\/?s={search_term_string}\"},\"query-input\":{\"@type\":\"PropertyValueSpecification\",\"valueRequired\":true,\"valueName\":\"search_term_string\"}}],\"inLanguage\":\"de\"}]}<\/script>\n<!-- \/ Yoast SEO plugin. -->","yoast_head_json":{"title":"Mercedes Benz Sprinter - Gyepes Trans","description":"Mercedes Benz Sprinter ist ein komfortabler 16-Sitzer Minibus mit verstellbaren Sitzen mit ausreichend Fu\u00dfraum f\u00fcr komfortables Reisen ausgestattet.","robots":{"index":"index","follow":"follow","max-snippet":"max-snippet:-1","max-image-preview":"max-image-preview:large","max-video-preview":"max-video-preview:-1"},"canonical":"https:\/\/gyepestrans.sk\/de\/mercedes-benz-sprinter\/","og_locale":"de_DE","og_type":"article","og_title":"Mercedes Benz Sprinter - Gyepes Trans","og_description":"Mercedes Benz Sprinter ist ein komfortabler 16-Sitzer Minibus mit verstellbaren Sitzen mit ausreichend Fu\u00dfraum f\u00fcr komfortables Reisen ausgestattet.","og_url":"https:\/\/gyepestrans.sk\/de\/mercedes-benz-sprinter\/","og_site_name":"Gyepes Trans","article_modified_time":"2023-02-10T08:13:45+00:00","twitter_card":"summary_large_image","schema":{"@context":"https:\/\/schema.org","@graph":[{"@type":"WebPage","@id":"https:\/\/gyepestrans.sk\/de\/mercedes-benz-sprinter\/","url":"https:\/\/gyepestrans.sk\/de\/mercedes-benz-sprinter\/","name":"Mercedes Benz Sprinter - Gyepes Trans","isPartOf":{"@id":"https:\/\/gyepestrans.sk\/de\/#website"},"datePublished":"2019-07-23T08:24:23+00:00","dateModified":"2023-02-10T08:13:45+00:00","description":"Mercedes Benz Sprinter ist ein komfortabler 16-Sitzer Minibus mit verstellbaren Sitzen mit ausreichend Fu\u00dfraum f\u00fcr komfortables Reisen ausgestattet.","breadcrumb":{"@id":"https:\/\/gyepestrans.sk\/de\/mercedes-benz-sprinter\/#breadcrumb"},"inLanguage":"de","potentialAction":[{"@type":"ReadAction","target":["https:\/\/gyepestrans.sk\/de\/mercedes-benz-sprinter\/"]}]},{"@type":"BreadcrumbList","@id":"https:\/\/gyepestrans.sk\/de\/mercedes-benz-sprinter\/#breadcrumb","itemListElement":[{"@type":"ListItem","position":1,"name":"Home","item":"https:\/\/gyepestrans.sk\/de\/home\/"},{"@type":"ListItem","position":2,"name":"Mercedes Benz Sprinter"}]},{"@type":"WebSite","@id":"https:\/\/gyepestrans.sk\/de\/#website","url":"https:\/\/gyepestrans.sk\/de\/","name":"Gyepes Trans","description":"vn\u00fatro\u0161t\u00e1tna a medzin\u00e1rodn\u00e1 doprava","potentialAction":[{"@type":"SearchAction","target":{"@type":"EntryPoint","urlTemplate":"https:\/\/gyepestrans.sk\/de\/?s={search_term_string}"},"query-input":{"@type":"PropertyValueSpecification","valueRequired":true,"valueName":"search_term_string"}}],"inLanguage":"de"}]}},"_links":{"self":[{"href":"https:\/\/gyepestrans.sk\/de\/wp-json\/wp\/v2\/pages\/3196","targetHints":{"allow":["GET"]}}],"collection":[{"href":"https:\/\/gyepestrans.sk\/de\/wp-json\/wp\/v2\/pages"}],"about":[{"href":"https:\/\/gyepestrans.sk\/de\/wp-json\/wp\/v2\/types\/page"}],"author":[{"embeddable":true,"href":"https:\/\/gyepestrans.sk\/de\/wp-json\/wp\/v2\/users\/1"}],"replies":[{"embeddable":true,"href":"https:\/\/gyepestrans.sk\/de\/wp-json\/wp\/v2\/comments?post=3196"}],"version-history":[{"count":21,"href":"https:\/\/gyepestrans.sk\/de\/wp-json\/wp\/v2\/pages\/3196\/revisions"}],"predecessor-version":[{"id":4194,"href":"https:\/\/gyepestrans.sk\/de\/wp-json\/wp\/v2\/pages\/3196\/revisions\/4194"}],"wp:attachment":[{"href":"https:\/\/gyepestrans.sk\/de\/wp-json\/wp\/v2\/media?parent=3196"}],"curies":[{"name":"wp","href":"https:\/\/api.w.org\/{rel}","templated":true}]}}